{"id":152,"date":"2019-01-05T13:41:17","date_gmt":"2019-01-05T12:41:17","guid":{"rendered":"http:\/\/tsv-rosstal.de\/fussball\/?page_id=152"},"modified":"2023-06-27T08:45:10","modified_gmt":"2023-06-27T06:45:10","slug":"platzbelegung","status":"publish","type":"page","link":"https:\/\/tsv-rosstal.de\/fussball\/platzbelegung\/","title":{"rendered":"Platzbelegung"},"content":{"rendered":"<p><em><strong>An alle Trainer, Betreuer und Sportler:<\/strong><\/em><\/p>\n<p><em>Damit die Pflege unserer Anlagen mit Unterst\u00fctzung aller Nutzer m\u00f6glichst reibungslos erfolgen kann, bitte folgende Aufgaben wahrnehmen:<\/em><\/p>\n<p><strong><em>Alle Sportpl\u00e4tze:<\/em><\/strong><\/p>\n<ul>\n<li><em>Die T\u00fcrchen und Tore am Gel\u00e4ndezaun immer absperren<\/em><\/li>\n<li><em>Die Tore d\u00fcrfen nicht auf den Deckeln der Rasensprenger stehen<\/em><\/li>\n<li><em>Gr\u00f6\u00dfere Abfallmengen bitte direkt in die Tonnen neben dem Eingangstor entsorgen, Getr\u00e4nkeflaschen wieder mitnehmen.<\/em><\/li>\n<\/ul>\n<p><strong><em>Kunstrasenplatz:<\/em><\/strong><\/p>\n<ul>\n<li><em>Nach jedem Training oder Spiel stellt die letzte den Platz nutzende Mannschaft an diesem Tag die Tore auf das Pflaster, damit der Kunstrasenplatz f\u00fcr die Pflege frei ist.<\/em><\/li>\n<\/ul>\n<p><em>&nbsp;<\/em><strong><em>A-Platz:<\/em><\/strong><\/p>\n<p><em>Nach jedem Training oder Spiel <u>stellt die nutzende Mannschaft immer die Tore vom Platz<\/u>. Weiter bitte beachten:<\/em><\/p>\n<ul>\n<li><em>Tor linke Seite (KuRa): auf das Pflaster zur\u00fcckziehen<\/em><\/li>\n<li><em>Tor rechte Seite (Beach): hinter die ersten beiden Bandenelemente, damit das Au\u00dfentor frei ist<\/em><\/li>\n<\/ul>\n<p><strong><em>Willi Ammon Spielfeld:<\/em><\/strong><\/p>\n<p><em>Nach jedem Training oder Spiel <u>stellt die nutzende Mannschaft immer die Tore vom Platz<\/u>, au\u00dfer die Mannschaft danach nutzt sie sofort wieder (direkte Abstimmung). Weiter bitte beachten:<\/em><\/p>\n<ul>\n<li><em>Gro\u00dfe und kleine Tore jeweils seitlich bis an den Zaun auf ebene Fl\u00e4chen<\/em><\/li>\n<li><em>Keine Tore auf die Deckel der Rasensprenger stellen<\/em><\/li>\n<li><em>Die Haken f\u00fcr die kleinen Tore an die Z\u00e4une h\u00e4ngen, niemals im Gras liegen lassen<\/em><\/li>\n<\/ul>\n<p>&nbsp;<\/p>\n<hr>\n<p>Der unten angezeigte Belegungsplan ist bindend.<\/p>\n<p>\u00c4nderungsw\u00fcnsche im Trainingsbetrieb bitte mit der Abteilungsleitung und den Platzwarten abstimmen. \u00c4nderungsw\u00fcnsche im Spielbetrieb bitte mit<\/p>\n<p><a href=\"mailto:platzbelegung@tsv-rosstal.de\"><strong>Karsten Seifert<\/strong><\/a><\/p>\n<p>abstimmen.<br \/>\n<!--\n<a href=\"http:\/\/tsv-rosstal.de\/fussball\/wp-content\/uploads\/sites\/2\/2019\/09\/Belegungsplan_Sportmeile_Sept-Dez_2019_Stand_2019-08-31.pdf\">Belegungsplan Sportmeile (Stand 31.08.2019)<\/a>\n\n<a href=\"http:\/\/tsv-rosstal.de\/fussball\/wp-content\/uploads\/sites\/2\/2019\/09\/Belegungsplan_Woche_2019-08-31.pdf\">Belegungsplan - Woche (Stand 31.08.2019)<\/a>\n--><br \/>\n<script type=\"text\/javascript\" src=\"\/nuPortalRS\/hallenbelegung.js\">\n<\/script>\n<link rel='stylesheet' href='\/nuPortalRS\/hallenbelegung.css' type='text\/css' media='all' \/>\n<div id=\"pbl-content\"><\/div>\n","protected":false},"excerpt":{"rendered":"<p>An alle Trainer, Betreuer und Sportler: Damit die Pflege unserer Anlagen mit Unterst\u00fctzung aller Nutzer m\u00f6glichst reibungslos erfolgen kann, bitte folgende Aufgaben wahrnehmen: Alle Sportpl\u00e4tze: Die T\u00fcrchen und Tore am Gel\u00e4ndezaun immer absperren Die Tore d\u00fcrfen nicht auf den Deckeln der Rasensprenger stehen Gr\u00f6\u00dfere Abfallmengen bitte direkt in die Tonnen neben dem Eingangstor entsorgen, Getr\u00e4nkeflaschen [&hellip;]<\/p>\n","protected":false},"author":7,"featured_media":0,"parent":0,"menu_order":0,"comment_status":"closed","ping_status":"closed","template":"","meta":{"ngg_post_thumbnail":0,"footnotes":""},"class_list":["post-152","page","type-page","status-publish","hentry"],"_links":{"self":[{"href":"https:\/\/tsv-rosstal.de\/fussball\/wp-json\/wp\/v2\/pages\/152","targetHints":{"allow":["GET"]}}],"collection":[{"href":"https:\/\/tsv-rosstal.de\/fussball\/wp-json\/wp\/v2\/pages"}],"about":[{"href":"https:\/\/tsv-rosstal.de\/fussball\/wp-json\/wp\/v2\/types\/page"}],"author":[{"embeddable":true,"href":"https:\/\/tsv-rosstal.de\/fussball\/wp-json\/wp\/v2\/users\/7"}],"replies":[{"embeddable":true,"href":"https:\/\/tsv-rosstal.de\/fussball\/wp-json\/wp\/v2\/comments?post=152"}],"version-history":[{"count":11,"href":"https:\/\/tsv-rosstal.de\/fussball\/wp-json\/wp\/v2\/pages\/152\/revisions"}],"predecessor-version":[{"id":1876,"href":"https:\/\/tsv-rosstal.de\/fussball\/wp-json\/wp\/v2\/pages\/152\/revisions\/1876"}],"wp:attachment":[{"href":"https:\/\/tsv-rosstal.de\/fussball\/wp-json\/wp\/v2\/media?parent=152"}],"curies":[{"name":"wp","href":"https:\/\/api.w.org\/{rel}","templated":true}]}}