{"id":185,"date":"2019-01-05T14:30:12","date_gmt":"2019-01-05T13:30:12","guid":{"rendered":"http:\/\/tsv-rosstal.de\/fussball\/?page_id=185"},"modified":"2023-01-27T08:42:40","modified_gmt":"2023-01-27T07:42:40","slug":"bildungsspender","status":"publish","type":"page","link":"https:\/\/tsv-rosstal.de\/fussball\/bildungsspender\/","title":{"rendered":"&#8222;Den TSV unterst\u00fctzen&#8230;&#8220;"},"content":{"rendered":"<p>&#8230;geht ganz einfach &#8211; und zwar \u00fcber Eink\u00e4ufe im Internet.<\/p>\n<p>M\u00f6glichkeit 1 &#8211; via &#8222;<a href=\"#bildungsspender\">Bildungsspender<\/a>&#8220; (Eink\u00e4ufe bei vielen Partnershops)<\/p>\n<p>[M\u00f6glichkeit 2 &#8211; via &#8222;Amazon-Smile&#8220; (Eink\u00e4ufe bei Amazon) &#8211; <strong>wurde leider seitens Amazon im Feb. 2023 eingestellt<\/strong>]<\/p>\n<hr>\n<p>BILDUNGSSPENDER:<\/p>\n<h2 style=\"text-align: left;\"><a href=\"https:\/\/www.bildungsspender.de\/tsvrosstal\" target=\"_blank\" rel=\"noopener noreferrer\"><img loading=\"lazy\" decoding=\"async\" class=\"alignnone wp-image-197 size-full\" src=\"https:\/\/tsv-rosstal.de\/fussball\/wp-content\/uploads\/sites\/2\/2019\/01\/bildungsspender_tuspo.png\" alt=\"\" width=\"616\" height=\"836\" srcset=\"https:\/\/tsv-rosstal.de\/fussball\/wp-content\/uploads\/sites\/2\/2019\/01\/bildungsspender_tuspo.png 616w, https:\/\/tsv-rosstal.de\/fussball\/wp-content\/uploads\/sites\/2\/2019\/01\/bildungsspender_tuspo-221x300.png 221w, https:\/\/tsv-rosstal.de\/fussball\/wp-content\/uploads\/sites\/2\/2019\/01\/bildungsspender_tuspo-94x128.png 94w, https:\/\/tsv-rosstal.de\/fussball\/wp-content\/uploads\/sites\/2\/2019\/01\/bildungsspender_tuspo-24x32.png 24w\" sizes=\"auto, (max-width: 616px) 100vw, 616px\" \/><\/a><br \/>\n<span style=\"color: #ff0000;\"><strong><a style=\"color: #ff0000;\" href=\"https:\/\/www.bildungsspender.de\/tsvrosstal\" target=\"_blank\" rel=\"noopener noreferrer\">&gt;&gt;hier klicken&lt;&lt;<\/a><\/strong><\/span><\/h2>\n<hr>\n","protected":false},"excerpt":{"rendered":"<p>&#8230;geht ganz einfach &#8211; und zwar \u00fcber Eink\u00e4ufe im Internet. M\u00f6glichkeit 1 &#8211; via &#8222;Bildungsspender&#8220; (Eink\u00e4ufe bei vielen Partnershops) [M\u00f6glichkeit 2 &#8211; via &#8222;Amazon-Smile&#8220; (Eink\u00e4ufe bei Amazon) &#8211; wurde leider seitens Amazon im Feb. 2023 eingestellt] BILDUNGSSPENDER: &gt;&gt;hier klicken&lt;&lt;<\/p>\n","protected":false},"author":7,"featured_media":0,"parent":0,"menu_order":0,"comment_status":"closed","ping_status":"closed","template":"","meta":{"ngg_post_thumbnail":0,"footnotes":""},"class_list":["post-185","page","type-page","status-publish","hentry"],"_links":{"self":[{"href":"https:\/\/tsv-rosstal.de\/fussball\/wp-json\/wp\/v2\/pages\/185","targetHints":{"allow":["GET"]}}],"collection":[{"href":"https:\/\/tsv-rosstal.de\/fussball\/wp-json\/wp\/v2\/pages"}],"about":[{"href":"https:\/\/tsv-rosstal.de\/fussball\/wp-json\/wp\/v2\/types\/page"}],"author":[{"embeddable":true,"href":"https:\/\/tsv-rosstal.de\/fussball\/wp-json\/wp\/v2\/users\/7"}],"replies":[{"embeddable":true,"href":"https:\/\/tsv-rosstal.de\/fussball\/wp-json\/wp\/v2\/comments?post=185"}],"version-history":[{"count":10,"href":"https:\/\/tsv-rosstal.de\/fussball\/wp-json\/wp\/v2\/pages\/185\/revisions"}],"predecessor-version":[{"id":1751,"href":"https:\/\/tsv-rosstal.de\/fussball\/wp-json\/wp\/v2\/pages\/185\/revisions\/1751"}],"wp:attachment":[{"href":"https:\/\/tsv-rosstal.de\/fussball\/wp-json\/wp\/v2\/media?parent=185"}],"curies":[{"name":"wp","href":"https:\/\/api.w.org\/{rel}","templated":true}]}}