{"id":521,"date":"2019-07-20T20:37:54","date_gmt":"2019-07-20T18:37:54","guid":{"rendered":"http:\/\/tsv-rosstal.de\/fussball\/?page_id=521"},"modified":"2025-07-13T18:00:50","modified_gmt":"2025-07-13T16:00:50","slug":"regelecke","status":"publish","type":"page","link":"https:\/\/tsv-rosstal.de\/fussball\/regelecke\/","title":{"rendered":"Regelecke"},"content":{"rendered":"<hr>\n<h6>2025-26<\/h6>\n<p><a href=\"https:\/\/www.theifab.com\/de\/documents\/?documentType=all&amp;language=de&amp;years=2025\" target=\"_blank\" rel=\"noopener\">Link zur offiziellen IFAB-Seite<\/a><\/p>\n<hr>\n<h6>2024-25<\/h6>\n<p><a href=\"https:\/\/www.theifab.com\/de\/documents\/?documentType=all&amp;language=de&amp;years=2024\" target=\"_blank\" rel=\"noopener\">Link zur offiziellen IFAB-Seite<\/a><\/p>\n<hr>\n<h6>2023-24<\/h6>\n<p><a href=\"https:\/\/www.theifab.com\/de\/documents\/?documentType=all&amp;language=de&amp;years=2023\" target=\"_blank\" rel=\"noopener\">Link zur offiziellen IFAB-Seite<\/a><\/p>\n<hr>\n<h6>2022-23<\/h6>\n<p><a href=\"https:\/\/tsv-rosstal.de\/fussball\/wp-content\/uploads\/sites\/2\/2022\/09\/Law_Changes_2022_DE-1.pdf\" target=\"_blank\" rel=\"noopener\">Regel\u00e4nderungen_ab_2022-07<\/a><\/p>\n<p><a href=\"https:\/\/tsv-rosstal.de\/fussball\/wp-content\/uploads\/sites\/2\/2022\/09\/Law_changes_presentation_2022_23_DE.pdf\" target=\"_blank\" rel=\"noopener\">Pr\u00e4sentation-der-Regel\u00e4nderungen_ab_2022-07<\/a><\/p>\n<hr>\n<h6>2021-22<\/h6>\n<p><a href=\"https:\/\/tsv-rosstal.de\/fussball\/wp-content\/uploads\/sites\/2\/2021\/07\/IFAB_DE_Changes-2021_22.pdf\" target=\"_blank\" rel=\"noopener\">Regel\u00e4nderungen_ab_2021-07<\/a><\/p>\n<hr>\n<h6>2020-21<\/h6>\n<p><a href=\"https:\/\/tsv-rosstal.de\/fussball\/wp-content\/uploads\/sites\/2\/2020\/06\/ifab_aenderungen_2020-21.pdf\" target=\"_blank\" rel=\"noopener noreferrer\">Regel\u00e4nderungen_ab_2020-07<\/a><\/p>\n<p><a href=\"https:\/\/tsv-rosstal.de\/fussball\/wp-content\/uploads\/sites\/2\/2020\/06\/ifab_gesamt_2020-21.pdf\" target=\"_blank\" rel=\"noopener noreferrer\">IFAB-Fu\u00dfballregeln_2020-07<\/a><\/p>\n<hr>\n<h6>2019-20<\/h6>\n<p><a href=\"http:\/\/tsv-rosstal.de\/fussball\/wp-content\/uploads\/sites\/2\/2019\/07\/Zusammenfassung-Regelaenderungen_ab_2019-07.pdf\" target=\"_blank\" rel=\"noopener noreferrer\">Zusammenfassung-Regel\u00e4nderungen_ab_2019-07<\/a><\/p>\n<p><a href=\"http:\/\/tsv-rosstal.de\/fussball\/wp-content\/uploads\/sites\/2\/2019\/07\/Regelaenderungen_mit_Kommentar_ab_2019-07.pdf\" target=\"_blank\" rel=\"noopener noreferrer\">Regel\u00e4nderungen_mit_Kommentar_ab_2019-07<\/a><\/p>\n<p><a href=\"http:\/\/tsv-rosstal.de\/fussball\/wp-content\/uploads\/sites\/2\/2019\/07\/IFAB-Fu\u00dfballregeln_2019-07.pdf\" target=\"_blank\" rel=\"noopener noreferrer\">IFAB-Fu\u00dfballregeln_2019-07<\/a><\/p>\n","protected":false},"excerpt":{"rendered":"<p>2025-26 Link zur offiziellen IFAB-Seite 2024-25 Link zur offiziellen IFAB-Seite 2023-24 Link zur offiziellen IFAB-Seite 2022-23 Regel\u00e4nderungen_ab_2022-07 Pr\u00e4sentation-der-Regel\u00e4nderungen_ab_2022-07 2021-22 Regel\u00e4nderungen_ab_2021-07 2020-21 Regel\u00e4nderungen_ab_2020-07 IFAB-Fu\u00dfballregeln_2020-07 2019-20 Zusammenfassung-Regel\u00e4nderungen_ab_2019-07 Regel\u00e4nderungen_mit_Kommentar_ab_2019-07 IFAB-Fu\u00dfballregeln_2019-07<\/p>\n","protected":false},"author":7,"featured_media":0,"parent":0,"menu_order":0,"comment_status":"closed","ping_status":"closed","template":"","meta":{"ngg_post_thumbnail":0,"footnotes":""},"class_list":["post-521","page","type-page","status-publish","hentry"],"_links":{"self":[{"href":"https:\/\/tsv-rosstal.de\/fussball\/wp-json\/wp\/v2\/pages\/521","targetHints":{"allow":["GET"]}}],"collection":[{"href":"https:\/\/tsv-rosstal.de\/fussball\/wp-json\/wp\/v2\/pages"}],"about":[{"href":"https:\/\/tsv-rosstal.de\/fussball\/wp-json\/wp\/v2\/types\/page"}],"author":[{"embeddable":true,"href":"https:\/\/tsv-rosstal.de\/fussball\/wp-json\/wp\/v2\/users\/7"}],"replies":[{"embeddable":true,"href":"https:\/\/tsv-rosstal.de\/fussball\/wp-json\/wp\/v2\/comments?post=521"}],"version-history":[{"count":10,"href":"https:\/\/tsv-rosstal.de\/fussball\/wp-json\/wp\/v2\/pages\/521\/revisions"}],"predecessor-version":[{"id":2847,"href":"https:\/\/tsv-rosstal.de\/fussball\/wp-json\/wp\/v2\/pages\/521\/revisions\/2847"}],"wp:attachment":[{"href":"https:\/\/tsv-rosstal.de\/fussball\/wp-json\/wp\/v2\/media?parent=521"}],"curies":[{"name":"wp","href":"https:\/\/api.w.org\/{rel}","templated":true}]}}