{"id":689,"date":"2019-08-21T16:12:44","date_gmt":"2019-08-21T14:12:44","guid":{"rendered":"http:\/\/tsv-rosstal.de\/fussball\/?page_id=689"},"modified":"2023-06-11T22:21:25","modified_gmt":"2023-06-11T20:21:25","slug":"vermietung-kunstrasenplatz","status":"publish","type":"page","link":"https:\/\/tsv-rosstal.de\/fussball\/vermietung-kunstrasenplatz\/","title":{"rendered":"Vermietung Kunstrasenplatz"},"content":{"rendered":"<h6>&nbsp;<\/h6>\n<h6>Haben Sie Interesse an der Anmietung unseres Kunstrasenplatzes?<\/h6>\n<p>&nbsp;<\/p>\n<p>Informationen \u00fcber Modalit\u00e4ten und Preise finden Sie<\/p>\n<p>in unseren <strong><a href=\"https:\/\/tsv-rosstal.de\/fussball\/wp-content\/uploads\/sites\/2\/2023\/06\/TSV-Rosstal_Nutzungsrichtlinien_Kunstrasen_2023-06-11.pdf\">Nutzungsrichtlinien Kunstrasen<\/a><\/strong>.<\/p>\n<hr>\n<p>Anfragen &amp; Terminabsprache (ausschlie\u00dflich per <a href=\"mailto:seifert.karsten@web.de\">E-Mail<\/a>) direkt bei<\/p>\n<p><strong><a href=\"mailto:seifert.karsten@web.de\">Karsten Seifert<\/a><\/strong><\/p>\n","protected":false},"excerpt":{"rendered":"<p>&nbsp; Haben Sie Interesse an der Anmietung unseres Kunstrasenplatzes? &nbsp; Informationen \u00fcber Modalit\u00e4ten und Preise finden Sie in unseren Nutzungsrichtlinien Kunstrasen. Anfragen &amp; Terminabsprache (ausschlie\u00dflich per E-Mail) direkt bei Karsten Seifert<\/p>\n","protected":false},"author":7,"featured_media":0,"parent":0,"menu_order":0,"comment_status":"closed","ping_status":"closed","template":"","meta":{"ngg_post_thumbnail":0,"footnotes":""},"class_list":["post-689","page","type-page","status-publish","hentry"],"_links":{"self":[{"href":"https:\/\/tsv-rosstal.de\/fussball\/wp-json\/wp\/v2\/pages\/689","targetHints":{"allow":["GET"]}}],"collection":[{"href":"https:\/\/tsv-rosstal.de\/fussball\/wp-json\/wp\/v2\/pages"}],"about":[{"href":"https:\/\/tsv-rosstal.de\/fussball\/wp-json\/wp\/v2\/types\/page"}],"author":[{"embeddable":true,"href":"https:\/\/tsv-rosstal.de\/fussball\/wp-json\/wp\/v2\/users\/7"}],"replies":[{"embeddable":true,"href":"https:\/\/tsv-rosstal.de\/fussball\/wp-json\/wp\/v2\/comments?post=689"}],"version-history":[{"count":10,"href":"https:\/\/tsv-rosstal.de\/fussball\/wp-json\/wp\/v2\/pages\/689\/revisions"}],"predecessor-version":[{"id":1862,"href":"https:\/\/tsv-rosstal.de\/fussball\/wp-json\/wp\/v2\/pages\/689\/revisions\/1862"}],"wp:attachment":[{"href":"https:\/\/tsv-rosstal.de\/fussball\/wp-json\/wp\/v2\/media?parent=689"}],"curies":[{"name":"wp","href":"https:\/\/api.w.org\/{rel}","templated":true}]}}