{"id":102,"date":"2019-02-20T10:26:15","date_gmt":"2019-02-20T09:26:15","guid":{"rendered":"http:\/\/tsv-rosstal.de\/handball\/?page_id=102"},"modified":"2025-06-07T23:51:21","modified_gmt":"2025-06-07T21:51:21","slug":"trainer","status":"publish","type":"page","link":"https:\/\/tsv-rosstal.de\/handball\/trainer\/","title":{"rendered":"Trainer"},"content":{"rendered":"<p>Bei Fragen oder Kontaktw\u00fcnschen bitte eine Mail an handball[at]tsv-rosstal.de schicken.<\/p>\n<h4 style=\"text-align: center;\">Bambinis<\/h4>\n<p style=\"text-align: center;\"><strong>handball-bambini[at]tsv-rosstal.de<\/strong><\/p>\n<div class=\"sportspress\"><div class=\"sp-template sp-template-staff-list\">\n\t<div class=\"sp-table-wrapper\"><table class=\"sp-staff-directory sp-data-table sp-sortable-table sp-scrollable-table sp-paginated-table\" data-sp-rows=\"10\"><thead><tr><th class=\"data-name\">Name<\/th><\/tr><\/thead><tbody><tr class=\"odd\"><td class=\"data-name\">Carolin Brandscher<\/td><\/tr><tr class=\"even\"><td class=\"data-name\">Nina Eder<\/td><\/tr><tr class=\"odd\"><td class=\"data-name\">Simon Wild<\/td><\/tr><\/tbody><\/table><\/div><\/div><\/div>\n<h4 style=\"text-align: center;\">Minis<\/h4>\n<p style=\"text-align: center;\"><strong>handball-mini[at]tsv-rosstal.de<\/strong><\/p>\n<div class=\"sportspress\"><div class=\"sp-template sp-template-staff-list\">\n\t<div class=\"sp-table-wrapper\"><table class=\"sp-staff-directory sp-data-table sp-sortable-table sp-scrollable-table sp-paginated-table\" data-sp-rows=\"10\"><thead><tr><th class=\"data-name\">Name<\/th><\/tr><\/thead><tbody><tr class=\"odd\"><td class=\"data-name\">Barbara Zimmermann<\/td><\/tr><tr class=\"even\"><td class=\"data-name\">Manuel Erben<\/td><\/tr><tr class=\"odd\"><td class=\"data-name\">Sabine Sichermann<\/td><\/tr><tr class=\"even\"><td class=\"data-name\">Sabine Zundel<\/td><\/tr><\/tbody><\/table><\/div><\/div><\/div>\n<h4 style=\"text-align: center;\">E-Jugend<\/h4>\n<p style=\"text-align: center;\"><strong>handball-jugend-e[at]tsv-rosstal.de<\/strong><\/p>\n<div class=\"sportspress\"><div class=\"sp-template sp-template-staff-list\">\n\t<div class=\"sp-table-wrapper\"><table class=\"sp-staff-directory sp-data-table sp-sortable-table sp-scrollable-table sp-paginated-table\" data-sp-rows=\"10\"><thead><tr><th class=\"data-name\">Name<\/th><\/tr><\/thead><tbody><tr class=\"odd\"><td class=\"data-name\">Nina Eder<\/td><\/tr><tr class=\"even\"><td class=\"data-name\">Simon Wild<\/td><\/tr><tr class=\"odd\"><td class=\"data-name\">Antonia Sch\u00f6nfeld<\/td><\/tr><tr class=\"even\"><td class=\"data-name\">Annika Peipp<\/td><\/tr><tr class=\"odd\"><td class=\"data-name\">Tim Hennersdorf<\/td><\/tr><tr class=\"even\"><td class=\"data-name\">Lena Messthaler<\/td><\/tr><\/tbody><\/table><\/div><\/div><\/div>\n<h4 style=\"text-align: center;\">D-Jugend weiblich<\/h4>\n<p style=\"text-align: center;\"><strong>handball-jugend-wd[at]tsv-rosstal.de<\/strong><\/p>\n<div class=\"sportspress\"><div class=\"sp-template sp-template-staff-list\">\n\t<div class=\"sp-table-wrapper\"><table class=\"sp-staff-directory sp-data-table sp-sortable-table sp-scrollable-table sp-paginated-table\" data-sp-rows=\"10\"><thead><tr><th class=\"data-name\">Name<\/th><\/tr><\/thead><tbody><tr class=\"odd\"><td class=\"data-name\">Stephanie Pelz<\/td><\/tr><tr class=\"even\"><td class=\"data-name\">Lukas Franke<\/td><\/tr><\/tbody><\/table><\/div><\/div><\/div>\n<h4 style=\"text-align: center;\">C-Jugend weiblich<\/h4>\n<p style=\"text-align: center;\"><strong>handball-jugend-wc[at]tsv-rosstal.de<\/strong><\/p>\n<div class=\"sportspress\"><div class=\"sp-template sp-template-staff-list\">\n\t<div class=\"sp-table-wrapper\"><table class=\"sp-staff-directory sp-data-table sp-sortable-table sp-scrollable-table sp-paginated-table\" data-sp-rows=\"10\"><thead><tr><th class=\"data-name\">Name<\/th><\/tr><\/thead><tbody><tr class=\"odd\"><td class=\"data-name\">Beate Bastian<\/td><\/tr><tr class=\"even\"><td class=\"data-name\">Elvira Winkler<\/td><\/tr><tr class=\"odd\"><td class=\"data-name\">Adrian Hantke<\/td><\/tr><\/tbody><\/table><\/div><\/div><\/div>\n<h4 style=\"text-align: center;\">B-Jugend weiblich<\/h4>\n<p style=\"text-align: center;\"><strong>handball-jugend-wb[at]tsv-rosstal.de<\/strong><\/p>\n<div class=\"sportspress\"><div class=\"sp-template sp-template-staff-list\">\n\t<div class=\"sp-table-wrapper\"><table class=\"sp-staff-directory sp-data-table sp-sortable-table sp-scrollable-table sp-paginated-table\" data-sp-rows=\"10\"><thead><tr><th class=\"data-name\">Name<\/th><\/tr><\/thead><tbody><tr class=\"odd\"><td class=\"data-name\">Stefan Schmid<\/td><\/tr><\/tbody><\/table><\/div><\/div><\/div>\n<h4 style=\"text-align: center;\">A-Jugend weiblich<\/h4>\n<p style=\"text-align: center;\"><strong>handball-jugend-wa[at]tsv-rosstal.de<\/strong><\/p>\n<div class=\"sportspress\"><div class=\"sp-template sp-template-staff-list\">\n\t<div class=\"sp-table-wrapper\"><table class=\"sp-staff-directory sp-data-table sp-sortable-table sp-scrollable-table sp-paginated-table\" data-sp-rows=\"10\"><thead><tr><th class=\"data-name\">Name<\/th><\/tr><\/thead><tbody><tr class=\"odd\"><td class=\"data-name\">Sandra Becker<\/td><\/tr><tr class=\"even\"><td class=\"data-name\">Marion Schrader<\/td><\/tr><\/tbody><\/table><\/div><\/div><\/div>\n<h4 style=\"text-align: center;\">D-Jugend m\u00e4nnlich<\/h4>\n<p style=\"text-align: center;\"><strong>handball-jugend-md[at]tsv-rosstal.de<\/strong><\/p>\n<div class=\"sportspress\"><div class=\"sp-template sp-template-staff-list\">\n\t<div class=\"sp-table-wrapper\"><table class=\"sp-staff-directory sp-data-table sp-sortable-table sp-scrollable-table sp-paginated-table\" data-sp-rows=\"10\"><thead><tr><th class=\"data-name\">Name<\/th><\/tr><\/thead><tbody><tr class=\"odd\"><td class=\"data-name\">Oliver Wick<\/td><\/tr><tr class=\"even\"><td class=\"data-name\">Markus Kloos<\/td><\/tr><\/tbody><\/table><\/div><\/div><\/div>\n<h4 style=\"text-align: center;\">C-Jugend m\u00e4nnlich<\/h4>\n<p style=\"text-align: center;\"><strong>handball-jugend-mc[at]tsv-rosstal.de<\/strong><\/p>\n<div class=\"sportspress\"><div class=\"sp-template sp-template-staff-list\">\n\t<div class=\"sp-table-wrapper\"><table class=\"sp-staff-directory sp-data-table sp-sortable-table sp-scrollable-table sp-paginated-table\" data-sp-rows=\"10\"><thead><tr><th class=\"data-name\">Name<\/th><\/tr><\/thead><tbody><tr class=\"odd\"><td class=\"data-name\">Jochen Pelz<\/td><\/tr><tr class=\"even\"><td class=\"data-name\">Armin Hofer<\/td><\/tr><tr class=\"odd\"><td class=\"data-name\">Sebastian Schuh<\/td><\/tr><tr class=\"even\"><td class=\"data-name\">Andrea Ruske<\/td><\/tr><\/tbody><\/table><\/div><\/div><\/div>\n<h4 style=\"text-align: center;\">B-Jugend m\u00e4nnlich<\/h4>\n<p style=\"text-align: center;\"><strong>handball-jugend-mb[at]tsv-rosstal.de<\/strong><\/p>\n<div class=\"sportspress\"><div class=\"sp-template sp-template-staff-list\">\n\t<div class=\"sp-table-wrapper\"><table class=\"sp-staff-directory sp-data-table sp-sortable-table sp-scrollable-table sp-paginated-table\" data-sp-rows=\"10\"><thead><tr><th class=\"data-name\">Name<\/th><\/tr><\/thead><tbody><tr class=\"odd\"><td class=\"data-name\">Thomas K\u00f6hler<\/td><\/tr><\/tbody><\/table><\/div><\/div><\/div>\n<h4 style=\"text-align: center;\">Damen I<\/h4>\n<p style=\"text-align: center;\"><strong>handball-frauen1[at]tsv-rosstal.de<\/strong><\/p>\n<div class=\"sportspress\"><div class=\"sp-template sp-template-staff-list\">\n\t<div class=\"sp-table-wrapper\"><table class=\"sp-staff-directory sp-data-table sp-sortable-table sp-scrollable-table sp-paginated-table\" data-sp-rows=\"10\"><thead><tr><th class=\"data-name\">Name<\/th><\/tr><\/thead><tbody><tr class=\"odd\"><td class=\"data-name\">Alexander Brandscher<\/td><\/tr><\/tbody><\/table><\/div><\/div><\/div>\n<h4 style=\"text-align: center;\">Damen III<\/h4>\n<p style=\"text-align: center;\"><strong>handball-frauen3[at]tsv-rosstal.de<\/strong><\/p>\n<div class=\"sportspress\"><div class=\"sp-template sp-template-staff-list\">\n\t<div class=\"sp-table-wrapper\"><table class=\"sp-staff-directory sp-data-table sp-sortable-table sp-scrollable-table sp-paginated-table\" data-sp-rows=\"10\"><thead><tr><th class=\"data-name\">Name<\/th><\/tr><\/thead><tbody><tr class=\"odd\"><td class=\"data-name\">Bernd Hitzler<\/td><\/tr><\/tbody><\/table><\/div><\/div><\/div>\n<h4 style=\"text-align: center;\">M\u00e4nner I<\/h4>\n<p style=\"text-align: center;\"><strong>handball-maenner1[at]tsv-rosstal.de<\/strong><\/p>\n<div class=\"sportspress\"><div class=\"sp-template sp-template-staff-list\">\n\t<div class=\"sp-table-wrapper\"><table class=\"sp-staff-directory sp-data-table sp-sortable-table sp-scrollable-table sp-paginated-table\" data-sp-rows=\"10\"><thead><tr><th class=\"data-name\">Name<\/th><\/tr><\/thead><tbody><tr class=\"odd\"><td class=\"data-name\">W\u0142adys\u0142aw Makowiejew<\/td><\/tr><tr class=\"even\"><td class=\"data-name\">Arian Bonakdar<\/td><\/tr><\/tbody><\/table><\/div><\/div><\/div>\n<h4 style=\"text-align: center;\">M\u00e4nner II<\/h4>\n<p style=\"text-align: center;\"><strong>handball-maenner2[at]tsv-rosstal.de<\/strong><\/p>\n<div class=\"sportspress\"><div class=\"sp-template sp-template-staff-list\">\n\t<div class=\"sp-table-wrapper\"><table class=\"sp-staff-directory sp-data-table sp-sortable-table sp-scrollable-table sp-paginated-table\" data-sp-rows=\"10\"><thead><tr><th class=\"data-name\">Name<\/th><\/tr><\/thead><tbody><tr class=\"odd\"><td class=\"data-name\">Bernd Hitzler<\/td><\/tr><tr class=\"even\"><td class=\"data-name\">Thomas Gerbing<\/td><\/tr><\/tbody><\/table><\/div><\/div><\/div>\n<h4 style=\"text-align: center;\">M\u00e4nner III<\/h4>\n<p style=\"text-align: center;\"><strong>handball-maenner3[at]tsv-rosstal.de<\/strong><\/p>\n<div class=\"sportspress\"><div class=\"sp-template sp-template-staff-list\">\n\t<div class=\"sp-table-wrapper\"><table class=\"sp-staff-directory sp-data-table sp-sortable-table sp-scrollable-table sp-paginated-table\" data-sp-rows=\"10\"><thead><tr><th class=\"data-name\">Name<\/th><\/tr><\/thead><tbody><tr class=\"odd\"><td class=\"data-name\">Marvin Herrmann<\/td><\/tr><\/tbody><\/table><\/div><\/div><\/div>\n<p>&nbsp;<\/p>\n<p>&nbsp;<\/p>\n<p>&nbsp;<\/p>\n","protected":false},"excerpt":{"rendered":"<p>Bei Fragen oder Kontaktw\u00fcnschen bitte eine Mail an handball[at]tsv-rosstal.de schicken. Bambinis handball-bambini[at]tsv-rosstal.de Minis handball-mini[at]tsv-rosstal.de E-Jugend handball-jugend-e[at]tsv-rosstal.de D-Jugend weiblich handball-jugend-wd[at]tsv-rosstal.de C-Jugend weiblich handball-jugend-wc[at]tsv-rosstal.de B-Jugend weiblich handball-jugend-wb[at]tsv-rosstal.de A-Jugend weiblich handball-jugend-wa[at]tsv-rosstal.de D-Jugend m\u00e4nnlich handball-jugend-md[at]tsv-rosstal.de C-Jugend m\u00e4nnlich handball-jugend-mc[at]tsv-rosstal.de B-Jugend m\u00e4nnlich handball-jugend-mb[at]tsv-rosstal.de Damen I handball-frauen1[at]tsv-rosstal.de Damen III handball-frauen3[at]tsv-rosstal.de M\u00e4nner I handball-maenner1[at]tsv-rosstal.de M\u00e4nner II handball-maenner2[at]tsv-rosstal.de M\u00e4nner III handball-maenner3[at]tsv-rosstal.de &nbsp; &nbsp; &nbsp;<\/p>\n","protected":false},"author":1,"featured_media":0,"parent":0,"menu_order":0,"comment_status":"closed","ping_status":"closed","template":"","meta":{"ngg_post_thumbnail":0,"footnotes":""},"class_list":["post-102","page","type-page","status-publish","hentry"],"_links":{"self":[{"href":"https:\/\/tsv-rosstal.de\/handball\/wp-json\/wp\/v2\/pages\/102","targetHints":{"allow":["GET"]}}],"collection":[{"href":"https:\/\/tsv-rosstal.de\/handball\/wp-json\/wp\/v2\/pages"}],"about":[{"href":"https:\/\/tsv-rosstal.de\/handball\/wp-json\/wp\/v2\/types\/page"}],"author":[{"embeddable":true,"href":"https:\/\/tsv-rosstal.de\/handball\/wp-json\/wp\/v2\/users\/1"}],"replies":[{"embeddable":true,"href":"https:\/\/tsv-rosstal.de\/handball\/wp-json\/wp\/v2\/comments?post=102"}],"version-history":[{"count":11,"href":"https:\/\/tsv-rosstal.de\/handball\/wp-json\/wp\/v2\/pages\/102\/revisions"}],"predecessor-version":[{"id":15899,"href":"https:\/\/tsv-rosstal.de\/handball\/wp-json\/wp\/v2\/pages\/102\/revisions\/15899"}],"wp:attachment":[{"href":"https:\/\/tsv-rosstal.de\/handball\/wp-json\/wp\/v2\/media?parent=102"}],"curies":[{"name":"wp","href":"https:\/\/api.w.org\/{rel}","templated":true}]}}