{"id":13657,"date":"2021-09-29T07:10:06","date_gmt":"2021-09-29T05:10:06","guid":{"rendered":"https:\/\/tsv-rosstal.de\/handball\/?page_id=13657"},"modified":"2026-03-19T21:00:09","modified_gmt":"2026-03-19T20:00:09","slug":"handball-flyer","status":"publish","type":"page","link":"https:\/\/tsv-rosstal.de\/handball\/handball-flyer\/","title":{"rendered":"Handball-Flyer"},"content":{"rendered":"<h4>Download:<\/h4>\n<p><a href=\"https:\/\/tsv-rosstal.de\/handball\/wp-content\/uploads\/sites\/3\/2026\/03\/Handballflyer_Stadeln.pdf\">TSV Ro\u00dftal &#8211; MTV Stadeln<\/a><\/p>\n<p>&nbsp;<\/p>\n<h4>Vorschau:<\/h4>\n<a href=\"https:\/\/tsv-rosstal.de\/handball\/wp-content\/uploads\/sites\/3\/2026\/03\/Handballflyer_Stadeln.pdf\" class=\"pdfemb-viewer\" style=\"\" data-width=\"max\" data-height=\"max\" data-toolbar=\"bottom\" data-toolbar-fixed=\"off\">Handballflyer_Stadeln<\/a>\n<p>&nbsp;<\/p>\n<h4>Oberliga saison 2025\/2026:<\/h4>\n<p><a href=\"https:\/\/tsv-rosstal.de\/handball\/wp-content\/uploads\/sites\/3\/2026\/03\/Helmbrechts_Flyer.pdf\">TSV Ro\u00dftal &#8211; SG Helmbrechts\/M\u00fcnchberg<\/a><br \/>\n<a href=\"https:\/\/tsv-rosstal.de\/handball\/wp-content\/uploads\/sites\/3\/2026\/02\/Handballflyer_Lauf.pdf\">TSV Ro\u00dftal &#8211; HSG Lauf\/Heroldsberg<\/a><br \/>\n<a href=\"https:\/\/tsv-rosstal.de\/handball\/wp-content\/uploads\/sites\/3\/2026\/01\/Handballflyer_Roedental.pdf\">TSV Ro\u00dftal &#8211; HSG R\u00f6dental\/Neustadt<\/a><br \/>\n<a href=\"https:\/\/tsv-rosstal.de\/handball\/wp-content\/uploads\/sites\/3\/2026\/01\/Handballflyer_Rimpar.pdf\">TSV Ro\u00dftal &#8211; SG DJK Rimpar II <\/a><br \/>\n<a href=\"https:\/\/tsv-rosstal.de\/handball\/wp-content\/uploads\/sites\/3\/2026\/01\/Handballflyer_Auerbach.pdf\">TSV Ro\u00dftal &#8211; SG Auerbach\/Pegnitz <\/a><br \/>\n<a href=\"https:\/\/tsv-rosstal.de\/handball\/wp-content\/uploads\/sites\/3\/2025\/12\/Handballflyer_Hochfranken.pdf\">TSV Ro\u00dftal &#8211; HSV Hochfranken <\/a><br \/>\n<a href=\"https:\/\/tsv-rosstal.de\/handball\/wp-content\/uploads\/sites\/3\/2025\/11\/Handballflyer_Erlangen.pdf\">TSV Ro\u00dftal &#8211; HC Erlangen III <\/a><br \/>\n<a href=\"https:\/\/tsv-rosstal.de\/handball\/wp-content\/uploads\/sites\/3\/2025\/11\/Handballflyer_Forchheim.pdf\">TSV Ro\u00dftal &#8211; HC Forchhein<\/a><br \/>\n<a href=\"https:\/\/tsv-rosstal.de\/handball\/wp-content\/uploads\/sites\/3\/2025\/10\/Handballflyer_Marktsteft.pdf\">TSV Ro\u00dftal &#8211; TV Marktsteft<\/a><br \/>\n<a href=\"https:\/\/tsv-rosstal.de\/handball\/wp-content\/uploads\/sites\/3\/2025\/10\/Handballflyer_Waldbuettelbrunn.pdf\">TSV Ro\u00dftal &#8211; DJK Waldb\u00fcttelbrunn II<\/a><br \/>\n&nbsp;<\/p>\n<h4>Regionalliga SAISON 2024\/2025:<\/h4>\n<p><a href=\"https:\/\/tsv-rosstal.de\/handball\/wp-content\/uploads\/sites\/3\/2025\/05\/Handballflyer_Anzing.pdf\">TSV Ro\u00dftal &#8211; SV Anzing<\/a><br \/>\n<a href=\"https:\/\/tsv-rosstal.de\/handball\/wp-content\/uploads\/sites\/3\/2025\/05\/Handballflyer_Waldbuettelbrunn.pdf\">TSV Ro\u00dftal &#8211; DJK Waldb\u00fcttelbrunn<\/a><br \/>\n<a href=\"https:\/\/tsv-rosstal.de\/handball\/wp-content\/uploads\/sites\/3\/2025\/04\/Handballflyer_Rothenburg.pdf\">TSV Ro\u00dftal &#8211; TSV 2000 Rothenburg<\/a><br \/>\n<a href=\"https:\/\/tsv-rosstal.de\/handball\/wp-content\/uploads\/sites\/3\/2025\/03\/Handballflyer_Regensburg.pdf\">TSV Ro\u00dftal &#8211; SG Regensburg<\/a><br \/>\n<a href=\"https:\/\/tsv-rosstal.de\/handball\/wp-content\/uploads\/sites\/3\/2025\/02\/Handballflyer_Bayreuth.pdf\">TSV Ro\u00dftal &#8211; Bayreuth<\/a><br \/>\n<a href=\"https:\/\/tsv-rosstal.de\/handball\/wp-content\/uploads\/sites\/3\/2025\/01\/Handballflyer_Allach.pdf\">TSV Ro\u00dftal &#8211; TSV Allach 09 <\/a>&nbsp;<br \/>\n<a href=\"https:\/\/tsv-rosstal.de\/handball\/wp-content\/uploads\/sites\/3\/2025\/01\/Handballflyer_Guenzburg.pdf\">TSV Ro\u00dftal &#8211; VFL G\u00fcnzburg<\/a><br \/>\n<a href=\"https:\/\/tsv-rosstal.de\/handball\/wp-content\/uploads\/sites\/3\/2025\/01\/Handballflyer_Lauf.pdf\">TSV Ro\u00dftal &#8211; HSG Lauf Heroldsberg<\/a>&nbsp;<br \/>\n<a href=\"https:\/\/tsv-rosstal.de\/handball\/wp-content\/uploads\/sites\/3\/2024\/12\/Handballflyer_Lohr2.pdf\">TSV Ro\u00dftal &#8211; TSV Lohr<\/a>&nbsp;<br \/>\n<a href=\"https:\/\/tsv-rosstal.de\/handball\/wp-content\/uploads\/sites\/3\/2024\/11\/Handballflyer_Muenchen.pdf\">TSV Ro\u00dftal &#8211; HT M\u00fcnchen<\/a>&nbsp;<br \/>\n<a href=\"https:\/\/tsv-rosstal.de\/handball\/wp-content\/uploads\/sites\/3\/2024\/10\/Handballflyer_Bruck.pdf\">TSV Ro\u00dftal &#8211; TV 1861 Erlangen-Bruck<\/a><br \/>\n<a href=\"https:\/\/tsv-rosstal.de\/handball\/wp-content\/uploads\/sites\/3\/2024\/10\/Handballflyer_Coburg.pdf\">TSV Ro\u00dftal &#8211; HSC 2000 Coburg II<\/a><\/p>\n<h4>SAISON 2023\/2024:<\/h4>\n<p><a href=\"https:\/\/tsv-rosstal.de\/handball\/wp-content\/uploads\/sites\/3\/2024\/04\/Handballflyer_Ottobeuren.pdf\">TSV Ro\u00dftal &#8211; TSV Ottobeuren<\/a><\/p>\n<p><a href=\"https:\/\/tsv-rosstal.de\/handball\/wp-content\/uploads\/sites\/3\/2024\/03\/Handballflyer_Helmbrechts.pdf\">TSV Ro\u00dftal &#8211; SG Helmbrechts\/M\u00fcnchberg<\/a><\/p>\n<p><a href=\"https:\/\/tsv-rosstal.de\/handball\/wp-content\/uploads\/sites\/3\/2024\/03\/Handballflyer_Cham.pdf\">TSV Ro\u00dftal &#8211; ASV Cham<\/a><\/p>\n<p><a href=\"https:\/\/tsv-rosstal.de\/handball\/wp-content\/uploads\/sites\/3\/2024\/02\/Handballflyer_Auerbach.pdf\">TSV Ro\u00dftal &#8211; SG Auerbach\/Pegnitz<\/a><\/p>\n<p><a href=\"https:\/\/tsv-rosstal.de\/handball\/wp-content\/uploads\/sites\/3\/2024\/01\/Handballflyer_Stadeln.pdf\">TSV Ro\u00dftal &#8211; MTV Stadeln<\/a><\/p>\n<p><a href=\"https:\/\/tsv-rosstal.de\/handball\/wp-content\/uploads\/sites\/3\/2023\/12\/Handballflyer_Bad-Neustadt.pdf\">TSV Ro\u00dftal &#8211; TSV Allach 09 II<\/a><\/p>\n<p><a href=\"https:\/\/tsv-rosstal.de\/handball\/wp-content\/uploads\/sites\/3\/2023\/12\/Handballflyer_Bad-Neustadt.pdf\">TSV Ro\u00dftal &#8211; HSC Bad Neustadt<\/a><\/p>\n<p><a href=\"https:\/\/tsv-rosstal.de\/handball\/wp-content\/uploads\/sites\/3\/2023\/12\/Handballflyer_Roedental.pdf\">TSV Ro\u00dftal &#8211; HSG R\u00f6dental\/Neustadt<\/a><\/p>\n<p><a href=\"https:\/\/tsv-rosstal.de\/handball\/wp-content\/uploads\/sites\/3\/2023\/11\/Handballflyer_Lauf.pdf\">TSV Ro\u00dftal &#8211; HSG Lauf\/Heroldsberg<\/a><\/p>\n<p><a href=\"https:\/\/tsv-rosstal.de\/handball\/wp-content\/uploads\/sites\/3\/2023\/10\/Handballflyer_Marktsteft.pdf\">TSV Ro\u00dftal &#8211; TV Marktsteft<\/a><\/p>\n<p><a href=\"https:\/\/tsv-rosstal.de\/handball\/wp-content\/uploads\/sites\/3\/2023\/10\/Handballflyer_Regensburg.pdf\">TSV Ro\u00dftal &#8211; SG Regensburg II<\/a><\/p>\n<h4>SAISON 2022\/2023:<\/h4>\n<p><a href=\"https:\/\/tsv-rosstal.de\/handball\/wp-content\/uploads\/sites\/3\/2023\/05\/Handballflyer_Friedberg.pdf\">TSV Ro\u00dftal &#8211; TSV Friedberg<\/a><\/p>\n<p><a href=\"https:\/\/tsv-rosstal.de\/handball\/wp-content\/uploads\/sites\/3\/2023\/04\/Handballflyer_Neustadt.pdf\">TSV Ro\u00dftal &#8211; HSC Bad Neustadt<\/a><\/p>\n<p><a href=\"https:\/\/tsv-rosstal.de\/handball\/wp-content\/uploads\/sites\/3\/2023\/04\/Handballflyer_Ismaning.pdf\">TSV Ro\u00dftal &#8211; TSV Ismaning<\/a><\/p>\n<p><a href=\"https:\/\/tsv-rosstal.de\/handball\/wp-content\/uploads\/sites\/3\/2023\/03\/Handballflyer_Lohr.pdf\">TSV Ro\u00dftal &#8211; TSV Lohr<\/a><\/p>\n<p><a href=\"https:\/\/tsv-rosstal.de\/handball\/wp-content\/uploads\/sites\/3\/2023\/02\/Handballflyer_Bruck.pdf\">TSV Ro\u00dftal &#8211; TV 1861 Erlangen-Bruck<\/a><\/p>\n<p><a href=\"https:\/\/tsv-rosstal.de\/handball\/wp-content\/uploads\/sites\/3\/2023\/02\/Handballflyer_Haunstetten.pdf\">TSV Ro\u00dftal &#8211; TSV Haunstetten<\/a><\/p>\n<p><a href=\"https:\/\/tsv-rosstal.de\/handball\/wp-content\/uploads\/sites\/3\/2023\/01\/Handballflyer_Anzing.pdf\">TSV Ro\u00dftal &#8211; SV Anzing<\/a><\/p>\n<p><a href=\"https:\/\/tsv-rosstal.de\/handball\/wp-content\/uploads\/sites\/3\/2022\/11\/Handballflyer_Regensburg.pdf\">TSV Ro\u00dftal &#8211; HSC Bad Neustadt<\/a><\/p>\n<p><a href=\"https:\/\/tsv-rosstal.de\/handball\/wp-content\/uploads\/sites\/3\/2022\/11\/Handballflyer_Regensburg.pdf\">TSV Ro\u00dftal &#8211; SG Regensburg<\/a><\/p>\n<p><a href=\"https:\/\/tsv-rosstal.de\/handball\/wp-content\/uploads\/sites\/3\/2022\/11\/Handballflyer_Coburg.pdf\">TSV Ro\u00dftal &#8211; HSC Coburg II<\/a><\/p>\n<p><a href=\"https:\/\/tsv-rosstal.de\/handball\/wp-content\/uploads\/sites\/3\/2022\/10\/Handballflyer_Rimpar.pdf\">TSV Ro\u00dftal &#8211; SG DJK Rimpar II<\/a><\/p>\n<p><a href=\"https:\/\/tsv-rosstal.de\/handball\/wp-content\/uploads\/sites\/3\/2022\/10\/Handballflyer_Rothenburg.pdf\">TSV Ro\u00dftal &#8211; TSV Rothenburg<\/a><\/p>\n<p><a href=\"https:\/\/tsv-rosstal.de\/handball\/wp-content\/uploads\/sites\/3\/2022\/09\/Handballflyer_Lohr.pdf\">TSV Ro\u00dftal &#8211; TSV Lohr<\/a><\/p>\n<p><a href=\"https:\/\/tsv-rosstal.de\/handball\/wp-content\/uploads\/sites\/3\/2022\/05\/Handballflyer_Bruck.pdf\">TSV Ro\u00dftal &#8211; TV 1861 Erlangen-Bruck<\/a><\/p>\n<h4>Saison 2021\/2022:<\/h4>\n<p><a href=\"https:\/\/tsv-rosstal.de\/handball\/wp-content\/uploads\/sites\/3\/2022\/05\/Handballflyer_Eichenau.pdf\">TSV Ro\u00dftal &#8211; Eichenauer SV<\/a><\/p>\n<p><a href=\"https:\/\/tsv-rosstal.de\/handball\/wp-content\/uploads\/sites\/3\/2022\/05\/Handballflyer_Muenchen.pdf\">TSV Ro\u00dftal &#8211; HT M\u00fcnchen<\/a><\/p>\n<p><a href=\"https:\/\/tsv-rosstal.de\/handball\/wp-content\/uploads\/sites\/3\/2022\/05\/Handballflyer_Fuerstenfeldbruck.pdf\">TSV Ro\u00dftal &#8211; TuS F\u00fcrstenfeldbruck II<\/a><\/p>\n<p><a href=\"https:\/\/tsv-rosstal.de\/handball\/wp-content\/uploads\/sites\/3\/2022\/04\/Handballflyer_Cham.pdf\">TSV Ro\u00dftal &#8211; ASV Cham<\/a><\/p>\n<p><a href=\"https:\/\/tsv-rosstal.de\/handball\/wp-content\/uploads\/sites\/3\/2022\/03\/Handballflyer_Haunstetten.pdf\">TSV Ro\u00dftal &#8211; TSV Haunstetten<\/a><\/p>\n<p><a href=\"https:\/\/tsv-rosstal.de\/handball\/wp-content\/uploads\/sites\/3\/2022\/03\/Handballflyer_Rimpar.pdf\">TSV Ro\u00dftal &#8211; SG DJK Rimpar II<\/a><\/p>\n<p><a href=\"https:\/\/tsv-rosstal.de\/handball\/wp-content\/uploads\/sites\/3\/2022\/02\/Handballflyer_Waldbuettelbrunn.pdf\">TSV Ro\u00dftal &#8211; DJK Waldb\u00fcttelbrunn<\/a><\/p>\n<p><a href=\"https:\/\/tsv-rosstal.de\/handball\/wp-content\/uploads\/sites\/3\/2022\/02\/Handballflyer_Erlangen-Bruck.pdf\">TSV Ro\u00dftal &#8211; TV 1861 Erlangen-Bruck<\/a><\/p>\n<p><a href=\"https:\/\/tsv-rosstal.de\/handball\/wp-content\/uploads\/sites\/3\/2021\/10\/Handballflyer_Lohr.pdf\">TSV Ro\u00dftal &#8211; TSV Lohr<\/a><\/p>\n<p><a href=\"https:\/\/tsv-rosstal.de\/handball\/wp-content\/uploads\/sites\/3\/2021\/09\/Handball-Flyer.pdf\">TSV Ro\u00dftal &#8211; TSV Friedberg<\/a><\/p>\n","protected":false},"excerpt":{"rendered":"<p>Download: TSV Ro\u00dftal &#8211; MTV Stadeln &nbsp; Vorschau: &nbsp; Oberliga saison 2025\/2026: TSV Ro\u00dftal &#8211; SG Helmbrechts\/M\u00fcnchberg TSV Ro\u00dftal &#8211; HSG Lauf\/Heroldsberg TSV Ro\u00dftal &#8211; HSG R\u00f6dental\/Neustadt TSV Ro\u00dftal &#8211; SG DJK Rimpar II TSV Ro\u00dftal &#8211; SG Auerbach\/Pegnitz TSV Ro\u00dftal &#8211; HSV Hochfranken TSV Ro\u00dftal &#8211; HC Erlangen III TSV Ro\u00dftal &#8211; HC Forchhein [&hellip;]<\/p>\n","protected":false},"author":22,"featured_media":0,"parent":0,"menu_order":0,"comment_status":"closed","ping_status":"closed","template":"","meta":{"ngg_post_thumbnail":0,"footnotes":""},"class_list":["post-13657","page","type-page","status-publish","hentry"],"_links":{"self":[{"href":"https:\/\/tsv-rosstal.de\/handball\/wp-json\/wp\/v2\/pages\/13657","targetHints":{"allow":["GET"]}}],"collection":[{"href":"https:\/\/tsv-rosstal.de\/handball\/wp-json\/wp\/v2\/pages"}],"about":[{"href":"https:\/\/tsv-rosstal.de\/handball\/wp-json\/wp\/v2\/types\/page"}],"author":[{"embeddable":true,"href":"https:\/\/tsv-rosstal.de\/handball\/wp-json\/wp\/v2\/users\/22"}],"replies":[{"embeddable":true,"href":"https:\/\/tsv-rosstal.de\/handball\/wp-json\/wp\/v2\/comments?post=13657"}],"version-history":[{"count":13,"href":"https:\/\/tsv-rosstal.de\/handball\/wp-json\/wp\/v2\/pages\/13657\/revisions"}],"predecessor-version":[{"id":16335,"href":"https:\/\/tsv-rosstal.de\/handball\/wp-json\/wp\/v2\/pages\/13657\/revisions\/16335"}],"wp:attachment":[{"href":"https:\/\/tsv-rosstal.de\/handball\/wp-json\/wp\/v2\/media?parent=13657"}],"curies":[{"name":"wp","href":"https:\/\/api.w.org\/{rel}","templated":true}]}}