{"id":147,"date":"2024-04-12T18:23:28","date_gmt":"2024-04-12T16:23:28","guid":{"rendered":"https:\/\/tsv-rosstal.de\/judo\/?page_id=147"},"modified":"2025-03-22T22:58:08","modified_gmt":"2025-03-22T21:58:08","slug":"judo-spielend-lernen","status":"publish","type":"page","link":"https:\/\/tsv-rosstal.de\/judo\/judo-spielend-lernen\/","title":{"rendered":"Judo Spielend lernen"},"content":{"rendered":"<p>In dieser Stunde wollen wir Judo-Voraussetzungen schaffen.<\/p>\n<p>Ziele sind:<\/p>\n<p>&#8211; Kindliche Bewegungsfreude altersangemessen anregen (Beitrag zur Gesunderhaltung)<br \/>\n&#8211; Motorische und koordinative Leistungsf\u00e4higkeit erh\u00f6hen (Beitrag zur Unfallverh\u00fctung)<br \/>\n&#8211; Den eigenen K\u00f6rper und die Leistungsf\u00e4higkeit erfahren (Steigerung des Selbstwertgef\u00fchl)<br \/>\n&#8211; Soziale Kompetenzen erwerben (mit anderen zusammen)<br \/>\n&#8211; Zweik\u00e4mpfen und erste Judotechniken kennen lernen (Judoprinzipien beachten)<\/p>\n<p>Hier sind Judo Einsteiger genau richtig!<\/p>\n","protected":false},"excerpt":{"rendered":"<p>In dieser Stunde wollen wir Judo-Voraussetzungen schaffen. Ziele sind: &#8211; Kindliche Bewegungsfreude altersangemessen anregen (Beitrag zur Gesunderhaltung) &#8211; Motorische und koordinative Leistungsf\u00e4higkeit erh\u00f6hen (Beitrag zur Unfallverh\u00fctung) &#8211; Den eigenen K\u00f6rper und die Leistungsf\u00e4higkeit erfahren (Steigerung des Selbstwertgef\u00fchl) &#8211; Soziale Kompetenzen erwerben (mit anderen zusammen) &#8211; Zweik\u00e4mpfen und erste Judotechniken kennen lernen (Judoprinzipien beachten) Hier sind [&hellip;]<\/p>\n","protected":false},"author":48,"featured_media":0,"parent":0,"menu_order":0,"comment_status":"closed","ping_status":"closed","template":"","meta":{"ngg_post_thumbnail":0,"footnotes":""},"class_list":["post-147","page","type-page","status-publish","hentry"],"_links":{"self":[{"href":"https:\/\/tsv-rosstal.de\/judo\/wp-json\/wp\/v2\/pages\/147","targetHints":{"allow":["GET"]}}],"collection":[{"href":"https:\/\/tsv-rosstal.de\/judo\/wp-json\/wp\/v2\/pages"}],"about":[{"href":"https:\/\/tsv-rosstal.de\/judo\/wp-json\/wp\/v2\/types\/page"}],"author":[{"embeddable":true,"href":"https:\/\/tsv-rosstal.de\/judo\/wp-json\/wp\/v2\/users\/48"}],"replies":[{"embeddable":true,"href":"https:\/\/tsv-rosstal.de\/judo\/wp-json\/wp\/v2\/comments?post=147"}],"version-history":[{"count":3,"href":"https:\/\/tsv-rosstal.de\/judo\/wp-json\/wp\/v2\/pages\/147\/revisions"}],"predecessor-version":[{"id":332,"href":"https:\/\/tsv-rosstal.de\/judo\/wp-json\/wp\/v2\/pages\/147\/revisions\/332"}],"wp:attachment":[{"href":"https:\/\/tsv-rosstal.de\/judo\/wp-json\/wp\/v2\/media?parent=147"}],"curies":[{"name":"wp","href":"https:\/\/api.w.org\/{rel}","templated":true}]}}