{"id":247,"date":"2024-06-15T15:52:46","date_gmt":"2024-06-15T13:52:46","guid":{"rendered":"https:\/\/tsv-rosstal.de\/judo\/?page_id=247"},"modified":"2025-10-26T07:50:42","modified_gmt":"2025-10-26T06:50:42","slug":"abteilungsordnung","status":"publish","type":"page","link":"https:\/\/tsv-rosstal.de\/judo\/abteilungsordnung\/","title":{"rendered":"Abteilungsordnung"},"content":{"rendered":"<p style=\"text-align: center;\"><strong><u>Ordnung <\/u><\/strong><strong><u>der Judoabteilung des TSV Ro\u00dftal<\/u><\/strong><\/p>\n<p style=\"text-align: center;\"><strong><u>(Version 01)<\/u><\/strong><\/p>\n<p><strong><u>\u00a7 1 Geltungsbereich<br \/>\n<\/u><\/strong>Diese Ordnung der Judo-Abteilung des TSV Ro\u00dftal f\u00fcgt zu der geltenden Satzung und zu den geltenden Ordnungen des Hauptvereines des TSV Ro\u00dftal weitere Paragraphen hinzu, die nur f\u00fcr die Judoabteilung g\u00fcltig sind. Diese Ordnung darf in keiner ihrer Paragraphen geltende Bestimmungen der Satzung oder allgemein geltenden Ordnungen des TSV Ro\u00dftal verletzen. Sie gilt auf unbegrenzte Zeit oder bis auf Widerruf. \u00c4nderungen oder Erg\u00e4nzungen zu dieser Ordnung m\u00fcssen von der Leitung der Judoabteilung (siehe \u00a72) eingebracht, und in einer Mitgliedsversammlung durch Abstimmung beschlossen werden. Anschlie\u00dfend m\u00fcssen diese durch den Vorstand des TSV Ro\u00dftals genehmigt werden. Die Abstimmung erfolgt nach den Vorgaben des \u00a7 4c.<\/p>\n<p><strong><u>\u00a7 2 Funktionen in der Judoabteilung<br \/>\n<\/u><\/strong><u>\u00a7 2a Abteilungsleitung<\/u><br \/>\nDie Abteilungsleitung der Judo-Abteilung besteht aus den gew\u00e4hlten \u00c4mtern:<br \/>\nAbteilungsleiter<br \/>\nstellv. Abteilungsleiter<br \/>\nKassier<br \/>\nSchriftf\u00fchrer<br \/>\nUnd<br \/>\nElternvertretung<br \/>\nJugendvertretung<br \/>\nAlle Personen der Abteilungsleitung m\u00fcssen das 18. Lebensjahr vollendet haben und Mitglieder oder Vertreter eines minderj\u00e4hrigen Mitglieds der Judoabteilung des TSV Ro\u00dftal sein.<\/p>\n<p><u>Ausnahme:<\/u><\/p>\n<ul>\n<li>die Jugendvertretung muss das 10.Lebensjahr vollendet haben<\/li>\n<li>die Elternvertretung muss kein Mitglied des TSV Ro\u00dftal sein, wenn sie ein eigenes Kind, das Mitglied in der Judoabteilung ist, vertritt<\/li>\n<\/ul>\n<p>Die Wahl der Abteilungsleitung (au\u00dfer der Eltern- und Jugendvertretung) erfolgt im <strong>zweij\u00e4hrigen<\/strong> Turnus \u00fcber eine Versammlung aller Mitglieder der Judoabteilung bzw. deren rechtliche Vertreter (siehe \u00a7 4).<br \/>\nDie Elternvertretung wird alle drei Jahre bei einem Elternabend gew\u00e4hlt (siehe \u00a7 5).<br \/>\nDie Jugendvertretung wird alle zwei Jahre in einer Jugendvollversammlung gew\u00e4hlt (siehe \u00a7 6).<\/p>\n<p><u>\u00a72b Weitere Funktionstr\u00e4ger<\/u><br \/>\nZwei von der Mitgliederversammlung nach \u00a7 4c gew\u00e4hlte Revisoren.<br \/>\nHinzu kommen von der Judoabteilungsleitung ernannte, spezielle Funktionstr\u00e4ger, z.B.: \u00dcbungsleiter (\u00dcL) und deren Hilfs-\u00dcL, Beauftragte (Internet, Ligabetrieb, Pr\u00fcfungswesen, Presse etc.), Protokollf\u00fchrer, sowie den Ehrenmitgliedern der Judoabteilung (siehe \u00a77).<br \/>\nAls \u00dcbungsleiter k\u00f6nnen auch vereinsexterne \u00dcbungsleiter beauftragt werden.<\/p>\n<p><u>\u00a72c \u00c4mterverteilung und Nichterf\u00fcllung<br \/>\n<\/u>Ein Mitglied der Leitung der Judoabteilung kann mehrere \u00c4mter der Abteilungsleitung ausf\u00fchren. Dies gilt nicht f\u00fcr den 1. Abteilungsleiter. \u00c4mter k\u00f6nnen auch unbesetzt bleiben.<br \/>\nKann ein Mitglied nach \u00a72a sein Amt nicht mehr erf\u00fcllen, tritt zur\u00fcck, oder erf\u00fcllt nicht mehr die Voraussetzung f\u00fcr die Ausf\u00fchrung seines Amtes (z.B. aufgrund K\u00fcndigung), so sollte dieses Amt kommissarisch an ein geeignetes anderes Mitglied, bis zur n\u00e4chsten anstehenden Wahl in einer Mitgliederversammlung, \u00fcbertragen werden. Mit Wegfall der Voraussetzung zur Amtsausf\u00fchrung erlischt f\u00fcr dieses Mitglied die Funktion dieses Amtes.<br \/>\nRevisoren werden bei der n\u00e4chsten Wahl in einer Mitgliederversammlung neu gew\u00e4hlt.<br \/>\nBei vereinssch\u00e4digendem Verhalten kann ein Mitglied auch seines Amtes enthoben werden. Hierzu ist eine Abstimmung der Mitglieder der Judoabteilungsleitung notwendig.<\/p>\n<p><u>\u00a72d Stimmrechte<br \/>\n<\/u>Jeder Vertreter der Abteilungsleitung nach \u00a7 2a und alle weiteren gew\u00e4hlten oder benannten Funktionstr\u00e4ger nach \u00a7 2b haben bei Abteilungsleitungssitzungen nach \u00a7 3 eine Stimme.<br \/>\nExtern beauftragte \u00dcbungsleiter nach \u00a7 2b haben ebenfalls eine Stimme in der \u00dcbungsleitersitzung nach \u00a7 3, aber jedoch nicht in Angelegenheiten, die die \u00c4nderung\/ Erg\u00e4nzung dieser Ordnung oder deren Honorar betreffen. Bei Abstimmungen ist keine Altersgrenze vorgesehen. Es gilt die einfache Mehrheit. Hilfs-\u00dcL haben auch eine Stimme. Bei Besetzung eines Mehrfachpostens hat diese Person jedoch nur eine Stimme.<\/p>\n<p><strong><u>\u00a73 Abteilungsleitungssitzungen<br \/>\n<\/u><\/strong>Die Leitung der Judoabteilung und die ernannten Funktionstr\u00e4ger treffen sich bei Bedarf zu Aussprache, Beratung, Budgetplanung sowie zu Planung und Durchf\u00fchrung der judointernen Angelegenheiten, wie sie beispielsweise durch die Teilnahme an Wettk\u00e4mpfen oder Weiterbildung der \u00dcL gegeben sind.<br \/>\nWichtige Beschl\u00fcsse werden in einem Beschlussbuch schriftlich festgehalten und sind f\u00fcr jeden einsehbar.<\/p>\n<p><strong><u>\u00a74 Mitgliederversammlung<br \/>\n<\/u><\/strong>Jedes Jahr treffen sich die Mitglieder der Judoabteilung bzw. dessen rechtliche Vertreter (siehe \u00a7 4c) zu einer Berichterstattung \u00fcber das vergangene Jahr und der Ausrichtung der Abteilung f\u00fcr die n\u00e4here Zukunft.<\/p>\n<p><u>\u00a74a Einladung<br \/>\n<\/u>Die Einladung zur Mitgliederversammlung erfolgt m\u00fcndlich sowie \u00fcber Aushang in der Halle der Sportmeile des TSV Ro\u00dftals. Sofern eine E-Mail-Adresse des Mitgliedes vorliegt, kann auch dieser Kommunikationsweg verwendet werden. Eine Einladung \u00fcber E-Mail kann jedoch nicht eingefordert werden.<br \/>\nDie Einladung muss sp\u00e4testens zwei Wochen vor dem geplanten Termin ausgesprochen sein<\/p>\n<p><u>\u00a74b Aufgaben<br \/>\n<\/u>Zu den st\u00e4ndigen Aufgaben der Mitgliederversammlung geh\u00f6ren:<\/p>\n<ul>\n<li>Entlastung der Abteilungsleitung und des Kassiers, nach deren Berichtserstattung<br \/>\nWahl der Abteilungsleitung im 2-j\u00e4hrigen Turnus<\/li>\n<li>Wahl der Revisoren<\/li>\n<li>Festlegung des Abteilungsbeitrages<\/li>\n<li>Beratung \u00fcber Antr\u00e4ge<\/li>\n<li>Anh\u00f6rung und Abstimmung \u00fcber \u00c4nderungen oder Erg\u00e4nzungen der Judoordnung.<\/li>\n<li>Die Mitgliederversammlung kann aus gegebenem Anlass \u00fcber Antr\u00e4ge beraten, die in schriftlicher Form 2 Wochen vor dem geplanten Termin an die Abteilungsleitung zugesendet wurden.<\/li>\n<\/ul>\n<p><u>\u00a74c Stimmrecht<br \/>\n<\/u>Jedes Mitglied der Judoabteilung das zum Zeitpunkt der Versammlung das 16. Lebensjahr vollendet hat, ist mit einer Stimme stimmberechtigt.<br \/>\nJugendliche Mitglieder der Judoabteilung, die das 16. Lebensjahr noch nicht vollendet haben, k\u00f6nnen durch einen ihrer rechtlichen Vertreter (ein Elternteil) an der Wahl teilnehmen. Dabei hat der rechtliche Vertreter pro gemeldetem Kind der Judoabteilung eine Stimme. Bei Vertretung durch zwei Elternteile erh\u00f6ht sich die Stimmenanzahl nicht. Bei Abstimmungen reicht die einfache Mehrheit.<\/p>\n<p><strong><u>\u00a75 Elternvertretung<br \/>\n<\/u><\/strong>Die Elternvertretung hat die Aufgabe, die Interessen der Eltern bei Abteilungsleitungssitzungen zu vertreten.<br \/>\nDie Elternvertretung muss kein Mitglied des TSV Ro\u00dftal sein, wenn sie ein eigenes Kind vertritt. Dieses Kind muss das Mitglied in der Judoabteilung des TSV Ro\u00dftal sein.<br \/>\nDie Elternvertretung wird alle 2 Jahre im Rahmen eines Elternabends gew\u00e4hlt.<br \/>\nAlle Eltern deren Kinder Mitglieder in der Judoabteilung sind, sind mit einer Stimme stimmberechtigt.<br \/>\nDie Einladung zum Elternabend erfolgt sp\u00e4testens drei Wochen vorher m\u00fcndlich oder schriftlich oder per E-Mail und als Aushang am schwarzen Brett.<\/p>\n<p><strong><u>\u00a76 Jugendvertretung<br \/>\n<\/u><\/strong>Die Jugendvertretung hat die Aufgabe, die Interessen der Jugendlichen der Judoabteilung bei Abteilungsleitungssitzungen zu vertreten. Andere Aufgaben k\u00f6nnen von der Abteilungsleitung benannt werden.<br \/>\nDie Jugendvertretung wird alle 2 Jahre im Rahmen einer Jugendvollversammlung gew\u00e4hlt. Alle Kinder und Jugendlichen der Judoabteilung, bis zum Erreichen des 18. Lebensjahrs, haben eine Stimme.<br \/>\nAls Jugendvertreter kann nur ein Kind oder Jugendlicher gew\u00e4hlt werden, der das 10. Lebensjahr erreicht hat und Mitglied in der Judoabteilung ist.<br \/>\nDie Einladung zur Jugendvollversammlung erfolgt sp\u00e4testens drei Wochen vorher m\u00fcndlich oder schriftlich oder per E-Mail und als Aushang am schwarzen Brett.<\/p>\n<p><strong><u>\u00a77 Ehrenmitglied in der Judoabteilung<br \/>\n<\/u><\/strong>Die Judoabteilung kann Mitglieder die sich durch ihren langj\u00e4hrigen, pers\u00f6nlichen Einsatz f\u00fcr die Judoabteilung verdient gemacht haben, dadurch ehren, dass ihnen eine beratende und repr\u00e4sentative Funktion in der Judoabteilung und damit eine Stimme in der Abteilungsleitungssitzung zuerkannt wird. Hierzu kann eine Ehrenurkunde \u00fcberreicht werden. Die Ehrenmitgliedschaft endet bei Austritt aus der Judoabteilung des TSV Ro\u00dftals.<br \/>\nDie Ehrenmitgliedschaft hat zum Ziel, die Erfahrungen des Ehrenmitgliedes der Abteilungsleitung zu erhalten und diese damit bei ihrer Arbeit zu unterst\u00fctzen.<br \/>\nDas Ehrenmitglied in der Judoabteilung ist nicht von der Zahlung der Vereins- und Abteilungsbeitr\u00e4ge freigestellt. Das Ehrenmitglied hat zu allen Veranstaltungen der Judoabteilung freien Zutritt.<br \/>\nDem Ehrenmitglied k\u00f6nnen auch \u00c4mter oder Aufgaben durch die Judoleitung zeitweise \u00fcbertragen werden, wodurch sich seine Stimmenanzahl jedoch nicht erh\u00f6ht.<br \/>\nDie Ehrenmitgliedschaft in der Judoabteilung ist nicht gleichzusetzen mit einer Ehrenmitgliedschaft des TSV Ro\u00dftal.<\/p>\n<p><strong><u>\u00a78 Versammlungsprotokolle<br \/>\n<\/u><\/strong>\u00dcber alle Versammlungen und Beschl\u00fcsse sind Protokolle zu f\u00fchren, die jeweils vom Versammlungsleiter und dem Protokollf\u00fchrer zu unterzeichnen sind. Die Protokolle sind sp\u00e4testens bis zur n\u00e4chsten Versammlung den Mitgliedern zur Kenntnis zu gelangen. Die Protokolle gelten als angenommen, wenn nicht gegen\u00fcber dem Versammlungsleiter Einspruch erhoben wird. \u00dcber den Einspruch entscheidet die Abteilungsleitung.<\/p>\n<p><strong><u>\u00a79 Abmeldung vom Judo<br \/>\n<\/u><\/strong>Die Abmeldung aus der Judoabteilung muss bis sp\u00e4testens 30.November schriftlich per E-Mail an <a href=\"mailto:judo@tsv-rosstal.de\">judo@tsv-rosstal.de<\/a> mitgeteilt werden.<br \/>\nBei nicht fristgerechter Mitteilung der Abmeldung ist trotzdem der Spartenbeitrag f\u00fcr das folgende Jahr zu zahlen. Z.B. Abmeldung Mitte Dezember 2025 \u00e0 Spartenbeitrag 2026 ist zu zahlen<\/p>\n<p><strong><u>\u00a710 Verschiedenes<br \/>\n<\/u><\/strong>In allen judointernen Angelegenheiten, die in der Vereinssatzung, den Ordnungen des TSV Ro\u00dftals und dieser Ordnung nicht geregelt sind, entscheidet die \u00dcbungsleiterversammlung der Judoabteilung in Absprache mit der Vereinsleitung.<\/p>\n<p><strong><u>\u00a711 Inkrafttreten<br \/>\n<\/u><\/strong>Die Judoordnung wurde von den Mitgliedern am 27.02.2025 einstimmig beschlossen und somit in Kraft gesetzt.<br \/>\nDie Vorstandsvorsitzenden des TSV Ro\u00dftals wurden im Vorfeld hierr\u00fcber informiert und \u00e4u\u00dferten keine Bedenken.<\/p>\n","protected":false},"excerpt":{"rendered":"<p>Ordnung der Judoabteilung des TSV Ro\u00dftal (Version 01) \u00a7 1 Geltungsbereich Diese Ordnung der Judo-Abteilung des TSV Ro\u00dftal f\u00fcgt zu der geltenden Satzung und zu den geltenden Ordnungen des Hauptvereines des TSV Ro\u00dftal weitere Paragraphen hinzu, die nur f\u00fcr die Judoabteilung g\u00fcltig sind. Diese Ordnung darf in keiner ihrer Paragraphen geltende Bestimmungen der Satzung oder [&hellip;]<\/p>\n","protected":false},"author":48,"featured_media":0,"parent":0,"menu_order":0,"comment_status":"closed","ping_status":"closed","template":"","meta":{"ngg_post_thumbnail":0,"footnotes":""},"class_list":["post-247","page","type-page","status-publish","hentry"],"_links":{"self":[{"href":"https:\/\/tsv-rosstal.de\/judo\/wp-json\/wp\/v2\/pages\/247","targetHints":{"allow":["GET"]}}],"collection":[{"href":"https:\/\/tsv-rosstal.de\/judo\/wp-json\/wp\/v2\/pages"}],"about":[{"href":"https:\/\/tsv-rosstal.de\/judo\/wp-json\/wp\/v2\/types\/page"}],"author":[{"embeddable":true,"href":"https:\/\/tsv-rosstal.de\/judo\/wp-json\/wp\/v2\/users\/48"}],"replies":[{"embeddable":true,"href":"https:\/\/tsv-rosstal.de\/judo\/wp-json\/wp\/v2\/comments?post=247"}],"version-history":[{"count":10,"href":"https:\/\/tsv-rosstal.de\/judo\/wp-json\/wp\/v2\/pages\/247\/revisions"}],"predecessor-version":[{"id":398,"href":"https:\/\/tsv-rosstal.de\/judo\/wp-json\/wp\/v2\/pages\/247\/revisions\/398"}],"wp:attachment":[{"href":"https:\/\/tsv-rosstal.de\/judo\/wp-json\/wp\/v2\/media?parent=247"}],"curies":[{"name":"wp","href":"https:\/\/api.w.org\/{rel}","templated":true}]}}