{"id":399,"date":"2025-10-26T07:54:19","date_gmt":"2025-10-26T06:54:19","guid":{"rendered":"https:\/\/tsv-rosstal.de\/judo\/?page_id=399"},"modified":"2025-10-26T07:54:19","modified_gmt":"2025-10-26T06:54:19","slug":"finanz-ordnung","status":"publish","type":"page","link":"https:\/\/tsv-rosstal.de\/judo\/finanz-ordnung\/","title":{"rendered":"Finanz-Ordnung"},"content":{"rendered":"<p style=\"text-align: center;\"><strong><u>Finanz-Ordnung <\/u><\/strong><strong><u>der Judoabteilung des TSV Ro\u00dftal<\/u><\/strong><\/p>\n<p style=\"text-align: center;\"><strong><u>(Version 01)<\/u><\/strong><\/p>\n<p><strong><u>\u00a71 Spartenbeitrag<\/u><\/strong><\/p>\n<p>Die H\u00f6he des Spartenbeitrags wird von der Abteilungsleitung vorgeschlagen und muss von der Mitgliederversammlung der Judoabteilung verabschiedet werden.<br \/>\nDer Spartenbeitrag ist bis zum 31. Januar des Kalenderjahres auf das Konto der Judoabteilung zu \u00fcberweisen.<\/p>\n<p>Die H\u00f6he des Spartenbeitrags betr\u00e4gt 30\u20ac pro Sportler einer Familie, ab dem 3ten Familienmitglied in der Judoabteilung betr\u00e4gt der Spartenbeitrag f\u00fcr jedes folgendes Mitglied 15\u20ac. (Mitglied 1: 30\u20ac, Mitglied 2: 30\u20ac, Mitglied 3: 15\u20ac, Mitglied 4: 15\u20ac\u2026)<\/p>\n<p>Bei Eintritt in die Judoabteilung nach dem 01.August ist der halbe Spartenbeitrag zu zahlen.<\/p>\n<p><strong><u>\u00a72 Abmeldung vom Judo<br \/>\n<\/u><\/strong>Die Abmeldung aus der Judoabteilung muss bis sp\u00e4testens 30.November schriftlich per E-Mail an <strong>judo@tsv-rosstal.de<\/strong> mitgeteilt werden.<br \/>\nBei nicht fristgerechter Mitteilung der Abmeldung ist trotzdem der Spartenbeitrag f\u00fcr das folgende Jahr zu zahlen. Z.B. Abmeldung Mitte Dezember 2025 \u00e0 Spartenbeitrag 2026 ist zu zahlen<\/p>\n<p><strong><u>\u00a73 Graduierungskosten<br \/>\n<\/u><\/strong>Die Graduierungskosten beinhalten Urkunde, Graduierungsmarke und G\u00fcrtel. Bei der Graduierung zum wei\u00df-gelben G\u00fcrtel (8.Kyu) kommen die Kosten f\u00fcr Judopass und Stickerbuch dazu.<br \/>\nDie Kosten werden immer den aktuellen Preisen angepasst und k\u00f6nnen dem Dokument \u201eKosten Graduierung\u201c entnommen werden.<\/p>\n<p><strong><u>\u00a74 Inkrafttreten<br \/>\n<\/u><\/strong>Die Finanz-Ordnung wurde von den Mitgliedern am 27.02.2025 einstimmig beschlossen und somit in Kraft gesetzt.<br \/>\nDie Vorstandsvorsitzenden des TSV Ro\u00dftals wurden im Vorfeld hierr\u00fcber informiert und \u00e4u\u00dferten keine Bedenken.<\/p>\n","protected":false},"excerpt":{"rendered":"<p>Finanz-Ordnung der Judoabteilung des TSV Ro\u00dftal (Version 01) \u00a71 Spartenbeitrag Die H\u00f6he des Spartenbeitrags wird von der Abteilungsleitung vorgeschlagen und muss von der Mitgliederversammlung der Judoabteilung verabschiedet werden. Der Spartenbeitrag ist bis zum 31. Januar des Kalenderjahres auf das Konto der Judoabteilung zu \u00fcberweisen. Die H\u00f6he des Spartenbeitrags betr\u00e4gt 30\u20ac pro Sportler einer Familie, ab [&hellip;]<\/p>\n","protected":false},"author":48,"featured_media":0,"parent":0,"menu_order":0,"comment_status":"closed","ping_status":"closed","template":"","meta":{"ngg_post_thumbnail":0,"footnotes":""},"class_list":["post-399","page","type-page","status-publish","hentry"],"_links":{"self":[{"href":"https:\/\/tsv-rosstal.de\/judo\/wp-json\/wp\/v2\/pages\/399","targetHints":{"allow":["GET"]}}],"collection":[{"href":"https:\/\/tsv-rosstal.de\/judo\/wp-json\/wp\/v2\/pages"}],"about":[{"href":"https:\/\/tsv-rosstal.de\/judo\/wp-json\/wp\/v2\/types\/page"}],"author":[{"embeddable":true,"href":"https:\/\/tsv-rosstal.de\/judo\/wp-json\/wp\/v2\/users\/48"}],"replies":[{"embeddable":true,"href":"https:\/\/tsv-rosstal.de\/judo\/wp-json\/wp\/v2\/comments?post=399"}],"version-history":[{"count":1,"href":"https:\/\/tsv-rosstal.de\/judo\/wp-json\/wp\/v2\/pages\/399\/revisions"}],"predecessor-version":[{"id":402,"href":"https:\/\/tsv-rosstal.de\/judo\/wp-json\/wp\/v2\/pages\/399\/revisions\/402"}],"wp:attachment":[{"href":"https:\/\/tsv-rosstal.de\/judo\/wp-json\/wp\/v2\/media?parent=399"}],"curies":[{"name":"wp","href":"https:\/\/api.w.org\/{rel}","templated":true}]}}