{"id":24,"date":"2018-02-15T12:56:22","date_gmt":"2018-02-15T11:56:22","guid":{"rendered":"http:\/\/tsv-rosstal.de\/turnen\/?page_id=24"},"modified":"2025-03-04T23:44:02","modified_gmt":"2025-03-04T22:44:02","slug":"teamgym","status":"publish","type":"page","link":"https:\/\/tsv-rosstal.de\/turnen\/leistungsturnen\/teamgym\/","title":{"rendered":"TeamGym"},"content":{"rendered":"<p><span style=\"font-size: medium;\"><b>Was ist TeamGym?<\/b><\/span><\/p>\n<p align=\"justify\">TeamGym ist eine aus Skandinavien stammende Sportart, die ausschlie\u00dflich in Europa betrieben wird und dem allgemein bekannten Ger\u00e4t- und Trampolinturnen \u00e4hnelt. Vier bis zw\u00f6lf Aktive konkurrieren in den Kategorien weiblich, m\u00e4nnlich oder mixed. Der besondere Reiz in dieser Sportart liegt in der Kombination von Musik, Tanz, Akrobatik und nat\u00fcrlich dem Teamerlebnis.<\/p>\n<p align=\"justify\">Im Gegensetz zum olympischen Sechskampf des Ger\u00e4tturnens, gibt es im TeamGym nicht sechs, sondern drei Disziplinen: Floor, Tumbling und Trampette.<\/p>\n<p><span class=\"sd-abs-pos\">&nbsp;<\/span><\/p>\n<p><b>Floor: <a href=\"https:\/\/tsv-rosstal.de\/turnen\/leistungsturnen\/teamgym\/floor\/\" rel=\"attachment wp-att-714\"><img loading=\"lazy\" decoding=\"async\" class=\"size-thumbnail wp-image-714 alignright\" src=\"https:\/\/tsv-rosstal.de\/turnen\/wp-content\/uploads\/sites\/4\/2023\/11\/Floor-150x150.jpg\" alt=\"\" width=\"150\" height=\"150\" srcset=\"https:\/\/tsv-rosstal.de\/turnen\/wp-content\/uploads\/sites\/4\/2023\/11\/Floor-150x150.jpg 150w, https:\/\/tsv-rosstal.de\/turnen\/wp-content\/uploads\/sites\/4\/2023\/11\/Floor-300x300.jpg 300w, https:\/\/tsv-rosstal.de\/turnen\/wp-content\/uploads\/sites\/4\/2023\/11\/Floor-128x128.jpg 128w, https:\/\/tsv-rosstal.de\/turnen\/wp-content\/uploads\/sites\/4\/2023\/11\/Floor-32x32.jpg 32w, https:\/\/tsv-rosstal.de\/turnen\/wp-content\/uploads\/sites\/4\/2023\/11\/Floor.jpg 554w\" sizes=\"auto, (max-width: 150px) 100vw, 150px\" \/><\/a><\/b><\/p>\n<p align=\"justify\">Es wird eine Bodenchoreografie mit turnerischen und t\u00e4nzerischen Elementen zu instrumentaler Musik erwartet. Besonderer Wert wird auf Synchronit\u00e4t und flie\u00dfenden \u00dcberg\u00e4nge zwischen Gymnastik und Akrobatik und den einzelnen Formationen gelegt. Das K\u00f6nnen der Gruppe und die Pr\u00e4sentation eines einheitlichen Teams, nicht des einzelnen Turners, steht im Vordergrund.<\/p>\n<p align=\"justify\">&nbsp;<\/p>\n<p><b><a href=\"https:\/\/tsv-rosstal.de\/turnen\/leistungsturnen\/teamgym\/tumbling\/\" rel=\"attachment wp-att-713\"><img loading=\"lazy\" decoding=\"async\" class=\"alignleft wp-image-713 size-thumbnail\" src=\"https:\/\/tsv-rosstal.de\/turnen\/wp-content\/uploads\/sites\/4\/2023\/11\/Tumbling-150x150.jpg\" alt=\"\" width=\"150\" height=\"150\" srcset=\"https:\/\/tsv-rosstal.de\/turnen\/wp-content\/uploads\/sites\/4\/2023\/11\/Tumbling-150x150.jpg 150w, https:\/\/tsv-rosstal.de\/turnen\/wp-content\/uploads\/sites\/4\/2023\/11\/Tumbling-300x300.jpg 300w, https:\/\/tsv-rosstal.de\/turnen\/wp-content\/uploads\/sites\/4\/2023\/11\/Tumbling-128x128.jpg 128w, https:\/\/tsv-rosstal.de\/turnen\/wp-content\/uploads\/sites\/4\/2023\/11\/Tumbling-32x32.jpg 32w, https:\/\/tsv-rosstal.de\/turnen\/wp-content\/uploads\/sites\/4\/2023\/11\/Tumbling.jpg 554w\" sizes=\"auto, (max-width: 150px) 100vw, 150px\" \/><\/a>Tumbling:<\/b><\/p>\n<p align=\"justify\">Hier werden drei verschiedene Bahnen gefordert. Jeweils sechs Teilnehmer des Teams gehen dabei nacheinander an den Start. Bei der ersten Bahn m\u00fcssen alle Turner eine identische Bahn zeigen. Die zweite und dritte Bahn gibt jedem Turner die M\u00f6glichkeit sein volles K\u00f6nnen zu pr\u00e4sentieren. Gezeigt werden unterschiedliche vorw\u00e4rts, r\u00fcckw\u00e4rts oder gemixte Reihen mit einfachen Akrobatischen Elementen wie Flick-Flack oder Handstand\u00fcberschlag bis hin zu verschiedenen Salti, Schrauben und Doppelsalti.<\/p>\n<p>&nbsp;<\/p>\n<p><span class=\"sd-abs-pos\">&nbsp;<\/span><b>Trampette:<a href=\"https:\/\/tsv-rosstal.de\/turnen\/leistungsturnen\/teamgym\/trampette\/\" rel=\"attachment wp-att-712\"><img loading=\"lazy\" decoding=\"async\" class=\"size-thumbnail wp-image-712 alignright\" src=\"https:\/\/tsv-rosstal.de\/turnen\/wp-content\/uploads\/sites\/4\/2023\/11\/Trampette-150x150.jpg\" alt=\"\" width=\"150\" height=\"150\" srcset=\"https:\/\/tsv-rosstal.de\/turnen\/wp-content\/uploads\/sites\/4\/2023\/11\/Trampette-150x150.jpg 150w, https:\/\/tsv-rosstal.de\/turnen\/wp-content\/uploads\/sites\/4\/2023\/11\/Trampette-300x300.jpg 300w, https:\/\/tsv-rosstal.de\/turnen\/wp-content\/uploads\/sites\/4\/2023\/11\/Trampette-128x128.jpg 128w, https:\/\/tsv-rosstal.de\/turnen\/wp-content\/uploads\/sites\/4\/2023\/11\/Trampette-32x32.jpg 32w, https:\/\/tsv-rosstal.de\/turnen\/wp-content\/uploads\/sites\/4\/2023\/11\/Trampette.jpg 554w\" sizes=\"auto, (max-width: 150px) 100vw, 150px\" \/><\/a><\/b><\/p>\n<p align=\"justify\">Es liegt in der Entscheidung des Teams, ob sie zwei der drei Durchg\u00e4nge mit dem Sprungtisch oder Minitrampolin zeigen m\u00f6chten. Jedoch muss die erste Bahn erneut identisch sein. Dank enormer Sprungkraft und Unterst\u00fctzung des Minitrampolins werden atemberaubende H\u00f6hen erreicht. Auch hier reicht das Repertoire der Spr\u00fcnge vom einfachen Strecksprung, \u00fcber Salti, Schrauben, bis hin zu doppelten oder gar dreifachen Salti.<\/p>\n<p><span class=\"sd-abs-pos\">&nbsp;<\/span><br \/>\nOffizielles UEG Video zur EM 2014 \u201eThis is TeamGym!\u201d<br \/>\n<iframe loading=\"lazy\" title=\"This is TeamGym!\" width=\"653\" height=\"367\" src=\"https:\/\/www.youtube.com\/embed\/rZaCchoADLU?feature=oembed\" frameborder=\"0\" allow=\"accelerometer; autoplay; clipboard-write; encrypted-media; gyroscope; picture-in-picture; web-share\" referrerpolicy=\"strict-origin-when-cross-origin\" allowfullscreen><\/iframe><\/p>\n<p>&nbsp;<\/p>\n","protected":false},"excerpt":{"rendered":"<p>Was ist TeamGym? TeamGym ist eine aus Skandinavien stammende Sportart, die ausschlie\u00dflich in Europa betrieben wird und dem allgemein bekannten Ger\u00e4t- und Trampolinturnen \u00e4hnelt. Vier bis zw\u00f6lf Aktive konkurrieren in den Kategorien weiblich, m\u00e4nnlich oder mixed. Der besondere Reiz in dieser Sportart liegt in der Kombination von Musik, Tanz, Akrobatik und nat\u00fcrlich dem Teamerlebnis. Im [&hellip;]<\/p>\n","protected":false},"author":1,"featured_media":0,"parent":17,"menu_order":0,"comment_status":"closed","ping_status":"closed","template":"","meta":{"ngg_post_thumbnail":0,"footnotes":""},"class_list":["post-24","page","type-page","status-publish","hentry"],"_links":{"self":[{"href":"https:\/\/tsv-rosstal.de\/turnen\/wp-json\/wp\/v2\/pages\/24","targetHints":{"allow":["GET"]}}],"collection":[{"href":"https:\/\/tsv-rosstal.de\/turnen\/wp-json\/wp\/v2\/pages"}],"about":[{"href":"https:\/\/tsv-rosstal.de\/turnen\/wp-json\/wp\/v2\/types\/page"}],"author":[{"embeddable":true,"href":"https:\/\/tsv-rosstal.de\/turnen\/wp-json\/wp\/v2\/users\/1"}],"replies":[{"embeddable":true,"href":"https:\/\/tsv-rosstal.de\/turnen\/wp-json\/wp\/v2\/comments?post=24"}],"version-history":[{"count":13,"href":"https:\/\/tsv-rosstal.de\/turnen\/wp-json\/wp\/v2\/pages\/24\/revisions"}],"predecessor-version":[{"id":848,"href":"https:\/\/tsv-rosstal.de\/turnen\/wp-json\/wp\/v2\/pages\/24\/revisions\/848"}],"up":[{"embeddable":true,"href":"https:\/\/tsv-rosstal.de\/turnen\/wp-json\/wp\/v2\/pages\/17"}],"wp:attachment":[{"href":"https:\/\/tsv-rosstal.de\/turnen\/wp-json\/wp\/v2\/media?parent=24"}],"curies":[{"name":"wp","href":"https:\/\/api.w.org\/{rel}","templated":true}]}}