{"id":68,"date":"2019-01-05T17:45:12","date_gmt":"2019-01-05T16:45:12","guid":{"rendered":"http:\/\/tsv-rosstal.de\/turnen\/?page_id=68"},"modified":"2025-05-14T20:11:45","modified_gmt":"2025-05-14T18:11:45","slug":"tanzteufel","status":"publish","type":"page","link":"https:\/\/tsv-rosstal.de\/turnen\/tanz\/tanzteufel\/","title":{"rendered":"Garde"},"content":{"rendered":"<p>Vielen ist der Gardetanz sicherlich von Faschingsvereinen bekannt. Wir im TVR treten zwar auch im Fasching als Garde auf, jedoch ist bei uns keine Voraussetzung, dass jedes Gardemitglied super beweglich ist und das Rad sowie den Spagat perfekt beherrschen. Bei uns steht der Spa\u00df im Vordergrund und f\u00fcr Weihnachten sowie auch als Erg\u00e4nzung zum Faschingsgardetanz (welcher auf moderne Musik getanzt wird, weil es den Tanzteufeln so gef\u00e4llt) studieren wir immer Showt\u00e4nze ein. Nat\u00fcrlich z\u00e4hlt bei uns auch die Optik, d. h. wir haben uns wundersch\u00f6ne Gardetanzkost\u00fcme gekauft und schneidern jedes Jahr tolle Showkost\u00fcme. Wer Freude am Tanzen in einer Gruppe hat, schaut einfach einmal vorbei. Jungen sind auch sehr willkommen!<\/p>\n<h2>\n<table id=\"tablepress-16\" class=\"tablepress tablepress-id-16\">\n<thead>\n<tr class=\"row-1\">\n\t<th class=\"column-1\">Angebot<\/th><th class=\"column-2\">Tag<\/th><th class=\"column-3\">Zeit<\/th><th class=\"column-4\">Trainer<\/th><th class=\"column-5\">Ort<\/th>\n<\/tr>\n<\/thead>\n<tbody class=\"row-striping row-hover\">\n<tr class=\"row-2\">\n\t<td class=\"column-1\">Tanzteufel (ab 7 Jahren - solange es Spa\u00df macht<\/td><td class=\"column-2\">Sa<\/td><td class=\"column-3\">16:00 - 18:00<\/td><td class=\"column-4\">Meike Herrgott, Franziska Popp<\/td><td class=\"column-5\">Gymnastikhalle<\/td>\n<\/tr>\n<\/tbody>\n<\/table>\n<!-- #tablepress-16 from cache --><\/h2>\n<p><strong>Kontakt: Meike Herrgott und Franziska Popp<br \/>\n<\/strong><\/p>\n<div>Bei Interesse oder R\u00fcckfragen schreiben Sie einfach eine E-Mail mit Ihren Kontaktdaten an<\/div>\n<div>turnen-garde@tsv-rosstal.de<\/div>\n<p><strong>&nbsp;<\/strong><\/p>\n","protected":false},"excerpt":{"rendered":"<p>Vielen ist der Gardetanz sicherlich von Faschingsvereinen bekannt. Wir im TVR treten zwar auch im Fasching als Garde auf, jedoch ist bei uns keine Voraussetzung, dass jedes Gardemitglied super beweglich ist und das Rad sowie den Spagat perfekt beherrschen. Bei uns steht der Spa\u00df im Vordergrund und f\u00fcr Weihnachten sowie auch als Erg\u00e4nzung zum Faschingsgardetanz [&hellip;]<\/p>\n","protected":false},"author":1,"featured_media":0,"parent":64,"menu_order":0,"comment_status":"closed","ping_status":"closed","template":"","meta":{"ngg_post_thumbnail":0,"footnotes":""},"class_list":["post-68","page","type-page","status-publish","hentry"],"_links":{"self":[{"href":"https:\/\/tsv-rosstal.de\/turnen\/wp-json\/wp\/v2\/pages\/68","targetHints":{"allow":["GET"]}}],"collection":[{"href":"https:\/\/tsv-rosstal.de\/turnen\/wp-json\/wp\/v2\/pages"}],"about":[{"href":"https:\/\/tsv-rosstal.de\/turnen\/wp-json\/wp\/v2\/types\/page"}],"author":[{"embeddable":true,"href":"https:\/\/tsv-rosstal.de\/turnen\/wp-json\/wp\/v2\/users\/1"}],"replies":[{"embeddable":true,"href":"https:\/\/tsv-rosstal.de\/turnen\/wp-json\/wp\/v2\/comments?post=68"}],"version-history":[{"count":10,"href":"https:\/\/tsv-rosstal.de\/turnen\/wp-json\/wp\/v2\/pages\/68\/revisions"}],"predecessor-version":[{"id":877,"href":"https:\/\/tsv-rosstal.de\/turnen\/wp-json\/wp\/v2\/pages\/68\/revisions\/877"}],"up":[{"embeddable":true,"href":"https:\/\/tsv-rosstal.de\/turnen\/wp-json\/wp\/v2\/pages\/64"}],"wp:attachment":[{"href":"https:\/\/tsv-rosstal.de\/turnen\/wp-json\/wp\/v2\/media?parent=68"}],"curies":[{"name":"wp","href":"https:\/\/api.w.org\/{rel}","templated":true}]}}